{"id":45,"date":"2019-04-03T11:44:19","date_gmt":"2019-04-03T11:44:19","guid":{"rendered":"http:\/\/fh-adler.de\/?page_id=45"},"modified":"2021-01-21T16:48:41","modified_gmt":"2021-01-21T16:48:41","slug":"anreise","status":"publish","type":"page","link":"https:\/\/fh-adler.de\/?page_id=45","title":{"rendered":"Anreise"},"content":{"rendered":"\t\t<div data-elementor-type=\"wp-post\" data-elementor-id=\"45\" class=\"elementor elementor-45\">\n\t\t\t\t\t\t<div class=\"elementor-inner\">\n\t\t\t\t<div class=\"elementor-section-wrap\">\n\t\t\t\t\t\t\t\t\t<section class=\"elementor-section elementor-top-section elementor-element elementor-element-4343641f elementor-section-boxed elementor-section-height-default elementor-section-height-default\" data-id=\"4343641f\" data-element_type=\"section\">\n\t\t\t\t\t\t<div class=\"elementor-container elementor-column-gap-default\">\n\t\t\t\t\t\t\t<div class=\"elementor-row\">\n\t\t\t\t\t<div class=\"elementor-column elementor-col-100 elementor-top-column elementor-element elementor-element-70280f84\" data-id=\"70280f84\" data-element_type=\"column\">\n\t\t\t<div class=\"elementor-column-wrap elementor-element-populated\">\n\t\t\t\t\t\t\t<div class=\"elementor-widget-wrap\">\n\t\t\t\t\t\t<div class=\"elementor-element elementor-element-4d0de7a3 elementor-widget elementor-widget-text-editor\" data-id=\"4d0de7a3\" data-element_type=\"widget\" data-widget_type=\"text-editor.default\">\n\t\t\t\t<div class=\"elementor-widget-container\">\n\t\t\t\t\t\t\t\t<div class=\"elementor-text-editor elementor-clearfix\">\n\t\t\t\t<p><!-- wp:paragraph --><\/p>\n<p><!-- \/wp:paragraph --><\/p>\n<p><!-- wp:paragraph --><\/p>\n<p><b>Mit<\/b><strong> dem Auto<\/strong> erreichen Sie Chorin \u00fcber die A11 Berlin-Prenzlau, Abfahrt Chorin \u00fcber Golzow und Britz bis zur B2, dann Richtung Angerm\u00fcnde, ca. 300 m hinter Kloster Chorin in die Ortseingangsstra\u00dfe einbiegen, \u00fcber die abbiegende Hauptstra\u00dfe geradeaus fahren, dann links abbiegen, nach 50 m auf rechter Stra\u00dfenseite rotes Backsteinhaus mit blauen Fensterl\u00e4den ist die Choriner Dorfstra\u00dfe 10, dort bei Adler klingeln oder durch die rechte Toreinfahrt gehen und an der ausgebauten Feldsteinscheune klopfen.<b><\/b><\/p>\n<p><strong>Per Bahn<\/strong>\u00a0Mit dem Regionalexpress 3 (RE 3) Berlin \u2013 Eberswalde \u2013 Britz-Chorin \u2013 Angerm\u00fcnde\u00a0\u2013 Schwedt\/Stralsund. Die Z\u00fcge fahren im Stunden-Takt; vom Bahnhof sind es ca. 7 min Fu\u00dfweg bis zum Ferienhaus: Bahnhofstr. \u2013 dann in die Choriner Dorfstr. rechts abbiegen.<\/p>\n<p><!-- \/wp:paragraph --><\/p>\n<p><!--StartFragment--><\/p>\n<p><!--EndFragment--><\/p>\t\t\t\t\t<\/div>\n\t\t\t\t\t\t<\/div>\n\t\t\t\t<\/div>\n\t\t\t\t\t\t<\/div>\n\t\t\t\t\t<\/div>\n\t\t<\/div>\n\t\t\t\t\t\t\t\t<\/div>\n\t\t\t\t\t<\/div>\n\t\t<\/section>\n\t\t\t\t<section class=\"elementor-section elementor-top-section elementor-element elementor-element-eca3fae elementor-section-boxed elementor-section-height-default elementor-section-height-default\" data-id=\"eca3fae\" data-element_type=\"section\">\n\t\t\t\t\t\t<div class=\"elementor-container elementor-column-gap-default\">\n\t\t\t\t\t\t\t<div class=\"elementor-row\">\n\t\t\t\t\t<div class=\"elementor-column elementor-col-100 elementor-top-column elementor-element elementor-element-bdbe9e6\" data-id=\"bdbe9e6\" data-element_type=\"column\">\n\t\t\t<div class=\"elementor-column-wrap elementor-element-populated\">\n\t\t\t\t\t\t\t<div class=\"elementor-widget-wrap\">\n\t\t\t\t\t\t<div class=\"elementor-element elementor-element-ba6cadd elementor-widget elementor-widget-image\" data-id=\"ba6cadd\" data-element_type=\"widget\" data-widget_type=\"image.default\">\n\t\t\t\t<div class=\"elementor-widget-container\">\n\t\t\t\t\t\t\t\t<div class=\"elementor-image\">\n\t\t\t\t\t\t\t\t\t<figure class=\"wp-caption\">\n\t\t\t\t\t\t\t\t\t\t<img loading=\"lazy\" decoding=\"async\" width=\"960\" height=\"636\" src=\"https:\/\/fh-adler.de\/wp-content\/uploads\/2019\/04\/32666005188_60b6a60fca_b-1024x678.jpg\" class=\"attachment-large size-large wp-image-175\" alt=\"\" srcset=\"https:\/\/fh-adler.de\/wp-content\/uploads\/2019\/04\/32666005188_60b6a60fca_b.jpg 1024w, https:\/\/fh-adler.de\/wp-content\/uploads\/2019\/04\/32666005188_60b6a60fca_b-300x199.jpg 300w, https:\/\/fh-adler.de\/wp-content\/uploads\/2019\/04\/32666005188_60b6a60fca_b-768x509.jpg 768w, https:\/\/fh-adler.de\/wp-content\/uploads\/2019\/04\/32666005188_60b6a60fca_b-500x330.jpg 500w\" sizes=\"(max-width: 960px) 100vw, 960px\" \/>\t\t\t\t\t\t\t\t\t\t\t<figcaption class=\"widget-image-caption wp-caption-text\">Bahnhof Chorin, Foto: Torsten Maue CC BY-SA 2.0<\/figcaption>\n\t\t\t\t\t\t\t\t\t\t<\/figure>\n\t\t\t\t\t\t\t\t<\/div>\n\t\t\t\t\t\t<\/div>\n\t\t\t\t<\/div>\n\t\t\t\t\t\t<\/div>\n\t\t\t\t\t<\/div>\n\t\t<\/div>\n\t\t\t\t\t\t\t\t<\/div>\n\t\t\t\t\t<\/div>\n\t\t<\/section>\n\t\t\t\t<section class=\"elementor-section elementor-top-section elementor-element elementor-element-09cbac0 elementor-section-boxed elementor-section-height-default elementor-section-height-default\" data-id=\"09cbac0\" data-element_type=\"section\">\n\t\t\t\t\t\t<div class=\"elementor-container elementor-column-gap-default\">\n\t\t\t\t\t\t\t<div class=\"elementor-row\">\n\t\t\t\t\t<div class=\"elementor-column elementor-col-50 elementor-top-column elementor-element elementor-element-7bbe206\" data-id=\"7bbe206\" data-element_type=\"column\">\n\t\t\t<div class=\"elementor-column-wrap elementor-element-populated\">\n\t\t\t\t\t\t\t<div class=\"elementor-widget-wrap\">\n\t\t\t\t\t\t<div class=\"elementor-element elementor-element-07538ef elementor-widget elementor-widget-text-editor\" data-id=\"07538ef\" data-element_type=\"widget\" data-widget_type=\"text-editor.default\">\n\t\t\t\t<div class=\"elementor-widget-container\">\n\t\t\t\t\t\t\t\t<div class=\"elementor-text-editor elementor-clearfix\">\n\t\t\t\t<p><strong>Adresse<\/strong><\/p>\n<p>Frank Adler<br \/>Choriner Dorfstr. 10<br \/>16230 Chorin<\/p>\t\t\t\t\t<\/div>\n\t\t\t\t\t\t<\/div>\n\t\t\t\t<\/div>\n\t\t\t\t\t\t<\/div>\n\t\t\t\t\t<\/div>\n\t\t<\/div>\n\t\t\t\t<div class=\"elementor-column elementor-col-50 elementor-top-column elementor-element elementor-element-72890cc\" data-id=\"72890cc\" data-element_type=\"column\">\n\t\t\t<div class=\"elementor-column-wrap elementor-element-populated\">\n\t\t\t\t\t\t\t<div class=\"elementor-widget-wrap\">\n\t\t\t\t\t\t<div class=\"elementor-element elementor-element-64152ed elementor-widget elementor-widget-text-editor\" data-id=\"64152ed\" data-element_type=\"widget\" data-widget_type=\"text-editor.default\">\n\t\t\t\t<div class=\"elementor-widget-container\">\n\t\t\t\t\t\t\t\t<div class=\"elementor-text-editor elementor-clearfix\">\n\t\t\t\t<p><strong>Bahnauskunft<\/strong><\/p>\n<ul>\n<li><span style=\"color: #81d742;\"><a style=\"color: #81d742;\" href=\"http:\/\/www.bahn.de\/\" target=\"_blank\" rel=\"noreferrer noopener\">Fahrplanauskunft der DB AG<\/a><\/span><\/li>\n<li><span style=\"color: #81d742;\"><a style=\"color: #81d742;\" href=\"http:\/\/www.vbb-fahrinfo.de\/\" target=\"_blank\" rel=\"noreferrer noopener\">VBB fahrinfo<\/a><\/span><\/li>\n<\/ul>\t\t\t\t\t<\/div>\n\t\t\t\t\t\t<\/div>\n\t\t\t\t<\/div>\n\t\t\t\t\t\t<\/div>\n\t\t\t\t\t<\/div>\n\t\t<\/div>\n\t\t\t\t\t\t\t\t<\/div>\n\t\t\t\t\t<\/div>\n\t\t<\/section>\n\t\t\t\t<section class=\"elementor-section elementor-top-section elementor-element elementor-element-6a6a8d3 elementor-section-boxed elementor-section-height-default elementor-section-height-default\" data-id=\"6a6a8d3\" data-element_type=\"section\">\n\t\t\t\t\t\t<div class=\"elementor-container elementor-column-gap-default\">\n\t\t\t\t\t\t\t<div class=\"elementor-row\">\n\t\t\t\t\t<div class=\"elementor-column elementor-col-100 elementor-top-column elementor-element elementor-element-cd23a2e\" data-id=\"cd23a2e\" data-element_type=\"column\">\n\t\t\t<div class=\"elementor-column-wrap elementor-element-populated\">\n\t\t\t\t\t\t\t<div class=\"elementor-widget-wrap\">\n\t\t\t\t\t\t<div class=\"elementor-element elementor-element-840bf24 elementor-widget elementor-widget-google_maps\" data-id=\"840bf24\" data-element_type=\"widget\" data-widget_type=\"google_maps.default\">\n\t\t\t\t<div class=\"elementor-widget-container\">\n\t\t\t\t\t<div class=\"elementor-custom-embed\">\n\t\t\t<iframe loading=\"lazy\"\n\t\t\t\t\tsrc=\"https:\/\/maps.google.com\/maps?q=Chriner%20Dorfstra%C3%9Fe%2010%2C%2016230%20Chorin&#038;t=m&#038;z=15&#038;output=embed&#038;iwloc=near\"\n\t\t\t\t\ttitle=\"Chriner Dorfstra\u00dfe 10, 16230 Chorin\"\n\t\t\t\t\taria-label=\"Chriner Dorfstra\u00dfe 10, 16230 Chorin\"\n\t\t\t><\/iframe>\n\t\t<\/div>\n\t\t\t\t<\/div>\n\t\t\t\t<\/div>\n\t\t\t\t\t\t<\/div>\n\t\t\t\t\t<\/div>\n\t\t<\/div>\n\t\t\t\t\t\t\t\t<\/div>\n\t\t\t\t\t<\/div>\n\t\t<\/section>\n\t\t\t\t<section class=\"elementor-section elementor-top-section elementor-element elementor-element-1cad11e elementor-section-boxed elementor-section-height-default elementor-section-height-default\" data-id=\"1cad11e\" data-element_type=\"section\">\n\t\t\t\t\t\t<div class=\"elementor-container elementor-column-gap-default\">\n\t\t\t\t\t\t\t<div class=\"elementor-row\">\n\t\t\t\t\t<div class=\"elementor-column elementor-col-100 elementor-top-column elementor-element elementor-element-260248a\" data-id=\"260248a\" data-element_type=\"column\">\n\t\t\t<div class=\"elementor-column-wrap\">\n\t\t\t\t\t\t\t<div class=\"elementor-widget-wrap\">\n\t\t\t\t\t\t\t\t<\/div>\n\t\t\t\t\t<\/div>\n\t\t<\/div>\n\t\t\t\t\t\t\t\t<\/div>\n\t\t\t\t\t<\/div>\n\t\t<\/section>\n\t\t\t\t\t\t\t\t\t<\/div>\n\t\t\t<\/div>\n\t\t\t\t\t<\/div>\n\t\t","protected":false},"excerpt":{"rendered":"<p>Mit dem Auto erreichen Sie Chorin \u00fcber die A11 Berlin-Prenzlau, Abfahrt Chorin \u00fcber Golzow und Britz bis zur B2, dann Richtung Angerm\u00fcnde, ca. 300 m hinter Kloster Chorin in die Ortseingangsstra\u00dfe einbiegen, \u00fcber die abbiegende Hauptstra\u00dfe geradeaus fahren, dann links abbiegen, nach 50 m auf rechter Stra\u00dfenseite rotes Backsteinhaus mit blauen Fensterl\u00e4den ist die Choriner Dorfstra\u00dfe 10, dort bei Adler klingeln oder durch die rechte Toreinfahrt gehen und an der ausgebauten Feldsteinscheune klopfen. Per Bahn\u00a0Mit dem Regionalexpress 3 (RE 3) Berlin \u2013 Eberswalde \u2013 Britz-Chorin \u2013 Angerm\u00fcnde\u00a0\u2013 Schwedt\/Stralsund. Die Z\u00fcge fahren im Stunden-Takt; vom Bahnhof sind es ca. 7 min Fu\u00dfweg bis zum Ferienhaus: Bahnhofstr. \u2013 dann in die Choriner Dorfstr. rechts abbiegen. Bahnhof Chorin, Foto: Torsten Maue CC BY-SA 2.0 Adresse Frank AdlerChoriner Dorfstr. 1016230 Chorin Bahnauskunft Fahrplanauskunft der DB AG VBB fahrinfo<\/p>\n","protected":false},"author":1,"featured_media":0,"parent":0,"menu_order":4,"comment_status":"closed","ping_status":"closed","template":"","meta":{"footnotes":""},"_links":{"self":[{"href":"https:\/\/fh-adler.de\/index.php?rest_route=\/wp\/v2\/pages\/45"}],"collection":[{"href":"https:\/\/fh-adler.de\/index.php?rest_route=\/wp\/v2\/pages"}],"about":[{"href":"https:\/\/fh-adler.de\/index.php?rest_route=\/wp\/v2\/types\/page"}],"author":[{"embeddable":true,"href":"https:\/\/fh-adler.de\/index.php?rest_route=\/wp\/v2\/users\/1"}],"replies":[{"embeddable":true,"href":"https:\/\/fh-adler.de\/index.php?rest_route=%2Fwp%2Fv2%2Fcomments&post=45"}],"version-history":[{"count":23,"href":"https:\/\/fh-adler.de\/index.php?rest_route=\/wp\/v2\/pages\/45\/revisions"}],"predecessor-version":[{"id":288,"href":"https:\/\/fh-adler.de\/index.php?rest_route=\/wp\/v2\/pages\/45\/revisions\/288"}],"wp:attachment":[{"href":"https:\/\/fh-adler.de\/index.php?rest_route=%2Fwp%2Fv2%2Fmedia&parent=45"}],"curies":[{"name":"wp","href":"https:\/\/api.w.org\/{rel}","templated":true}]}}