{"id":42,"date":"2019-04-03T11:40:51","date_gmt":"2019-04-03T11:40:51","guid":{"rendered":"http:\/\/fh-adler.de\/?page_id=42"},"modified":"2021-01-21T16:46:15","modified_gmt":"2021-01-21T16:46:15","slug":"kontakt","status":"publish","type":"page","link":"https:\/\/fh-adler.de\/?page_id=42","title":{"rendered":"Kontakt"},"content":{"rendered":"\t\t<div data-elementor-type=\"wp-post\" data-elementor-id=\"42\" class=\"elementor elementor-42\">\n\t\t\t\t\t\t<div class=\"elementor-inner\">\n\t\t\t\t<div class=\"elementor-section-wrap\">\n\t\t\t\t\t\t\t\t\t<section class=\"elementor-section elementor-top-section elementor-element elementor-element-b2242f9 elementor-section-boxed elementor-section-height-default elementor-section-height-default\" data-id=\"b2242f9\" data-element_type=\"section\">\n\t\t\t\t\t\t<div class=\"elementor-container elementor-column-gap-default\">\n\t\t\t\t\t\t\t<div class=\"elementor-row\">\n\t\t\t\t\t<div class=\"elementor-column elementor-col-100 elementor-top-column elementor-element elementor-element-26a90e85\" data-id=\"26a90e85\" data-element_type=\"column\">\n\t\t\t<div class=\"elementor-column-wrap elementor-element-populated\">\n\t\t\t\t\t\t\t<div class=\"elementor-widget-wrap\">\n\t\t\t\t\t\t<div class=\"elementor-element elementor-element-5b4806cb elementor-widget elementor-widget-text-editor\" data-id=\"5b4806cb\" data-element_type=\"widget\" data-widget_type=\"text-editor.default\">\n\t\t\t\t<div class=\"elementor-widget-container\">\n\t\t\t\t\t\t\t\t<div class=\"elementor-text-editor elementor-clearfix\">\n\t\t\t\t<p><!-- wp:paragraph --><\/p>\n<p><!-- \/wp:paragraph --><\/p>\n<p><!-- wp:paragraph --><\/p>\n<p>Bitte melden Sie sich per E-Mail (<span style=\"color: #81d742;\"><a style=\"color: #81d742;\" href=\"mailto:kontakt@fh-adler.de\">kontakt@fh-adler.de<\/a><\/span>), Telefon oder Fax (033366 456) an und teilen Sie mir mit:<\/p>\n<p><!-- \/wp:paragraph --><\/p>\n<p><!-- wp:list --><\/p>\n<ul>\n<li>den gew\u00fcnschten Aufenthaltstermin,<\/li>\n<li>die Personenzahl,<\/li>\n<li>Ihre Telefon-\/Fax-Nr.<\/li>\n<\/ul>\n<p><!-- \/wp:list --><\/p>\n<p><!-- wp:paragraph --><\/p>\n<p>Sie erhalten dann von mir ein Buchungsformular. Bei der Buchung zahlen Sie bitte 25 Prozent an, den Rest dann bar vor Ort. F\u00fcr R\u00fcckfragen stehe ich Ihnen jederzeit zur Verf\u00fcgung.<\/p>\n<p><!-- \/wp:paragraph --><\/p>\n<p><!-- wp:paragraph --><\/p>\n<p><!-- \/wp:paragraph --><\/p>\t\t\t\t\t<\/div>\n\t\t\t\t\t\t<\/div>\n\t\t\t\t<\/div>\n\t\t\t\t\t\t<\/div>\n\t\t\t\t\t<\/div>\n\t\t<\/div>\n\t\t\t\t\t\t\t\t<\/div>\n\t\t\t\t\t<\/div>\n\t\t<\/section>\n\t\t\t\t<section class=\"elementor-section elementor-top-section elementor-element elementor-element-421028a elementor-section-boxed elementor-section-height-default elementor-section-height-default\" data-id=\"421028a\" data-element_type=\"section\">\n\t\t\t\t\t\t<div class=\"elementor-container elementor-column-gap-default\">\n\t\t\t\t\t\t\t<div class=\"elementor-row\">\n\t\t\t\t\t<div class=\"elementor-column elementor-col-50 elementor-top-column elementor-element elementor-element-024a981\" data-id=\"024a981\" data-element_type=\"column\">\n\t\t\t<div class=\"elementor-column-wrap elementor-element-populated\">\n\t\t\t\t\t\t\t<div class=\"elementor-widget-wrap\">\n\t\t\t\t\t\t<div class=\"elementor-element elementor-element-252b62e elementor-widget elementor-widget-image\" data-id=\"252b62e\" data-element_type=\"widget\" data-widget_type=\"image.default\">\n\t\t\t\t<div class=\"elementor-widget-container\">\n\t\t\t\t\t\t\t\t<div class=\"elementor-image\">\n\t\t\t\t\t\t\t\t\t\t\t\t<img loading=\"lazy\" decoding=\"async\" width=\"400\" height=\"306\" src=\"https:\/\/fh-adler.de\/wp-content\/uploads\/2019\/04\/gans_400p.jpg\" class=\"attachment-large size-large wp-image-179\" alt=\"\" srcset=\"https:\/\/fh-adler.de\/wp-content\/uploads\/2019\/04\/gans_400p.jpg 400w, https:\/\/fh-adler.de\/wp-content\/uploads\/2019\/04\/gans_400p-300x230.jpg 300w\" sizes=\"(max-width: 400px) 100vw, 400px\" \/>\t\t\t\t\t\t\t\t\t\t\t\t\t\t<\/div>\n\t\t\t\t\t\t<\/div>\n\t\t\t\t<\/div>\n\t\t\t\t\t\t<\/div>\n\t\t\t\t\t<\/div>\n\t\t<\/div>\n\t\t\t\t<div class=\"elementor-column elementor-col-50 elementor-top-column elementor-element elementor-element-14f170e\" data-id=\"14f170e\" data-element_type=\"column\">\n\t\t\t<div class=\"elementor-column-wrap elementor-element-populated\">\n\t\t\t\t\t\t\t<div class=\"elementor-widget-wrap\">\n\t\t\t\t\t\t<div class=\"elementor-element elementor-element-73b7ebd elementor-widget elementor-widget-image\" data-id=\"73b7ebd\" data-element_type=\"widget\" data-widget_type=\"image.default\">\n\t\t\t\t<div class=\"elementor-widget-container\">\n\t\t\t\t\t\t\t\t<div class=\"elementor-image\">\n\t\t\t\t\t\t\t\t\t\t\t\t<img loading=\"lazy\" decoding=\"async\" width=\"960\" height=\"720\" src=\"https:\/\/fh-adler.de\/wp-content\/uploads\/2019\/04\/DSC00298-1024x768.jpg\" class=\"attachment-large size-large wp-image-92\" alt=\"\" srcset=\"https:\/\/fh-adler.de\/wp-content\/uploads\/2019\/04\/DSC00298-1024x768.jpg 1024w, https:\/\/fh-adler.de\/wp-content\/uploads\/2019\/04\/DSC00298-300x225.jpg 300w, https:\/\/fh-adler.de\/wp-content\/uploads\/2019\/04\/DSC00298-768x576.jpg 768w, https:\/\/fh-adler.de\/wp-content\/uploads\/2019\/04\/DSC00298-1140x855.jpg 1140w\" sizes=\"(max-width: 960px) 100vw, 960px\" \/>\t\t\t\t\t\t\t\t\t\t\t\t\t\t<\/div>\n\t\t\t\t\t\t<\/div>\n\t\t\t\t<\/div>\n\t\t\t\t\t\t<\/div>\n\t\t\t\t\t<\/div>\n\t\t<\/div>\n\t\t\t\t\t\t\t\t<\/div>\n\t\t\t\t\t<\/div>\n\t\t<\/section>\n\t\t\t\t\t\t\t\t\t<\/div>\n\t\t\t<\/div>\n\t\t\t\t\t<\/div>\n\t\t","protected":false},"excerpt":{"rendered":"<p>Bitte melden Sie sich per E-Mail (kontakt@fh-adler.de), Telefon oder Fax (033366 456) an und teilen Sie mir mit: den gew\u00fcnschten Aufenthaltstermin, die Personenzahl, Ihre Telefon-\/Fax-Nr. Sie erhalten dann von mir ein Buchungsformular. Bei der Buchung zahlen Sie bitte 25 Prozent an, den Rest dann bar vor Ort. F\u00fcr R\u00fcckfragen stehe ich Ihnen jederzeit zur Verf\u00fcgung.<\/p>\n","protected":false},"author":1,"featured_media":0,"parent":0,"menu_order":6,"comment_status":"closed","ping_status":"closed","template":"","meta":{"footnotes":""},"_links":{"self":[{"href":"https:\/\/fh-adler.de\/index.php?rest_route=\/wp\/v2\/pages\/42"}],"collection":[{"href":"https:\/\/fh-adler.de\/index.php?rest_route=\/wp\/v2\/pages"}],"about":[{"href":"https:\/\/fh-adler.de\/index.php?rest_route=\/wp\/v2\/types\/page"}],"author":[{"embeddable":true,"href":"https:\/\/fh-adler.de\/index.php?rest_route=\/wp\/v2\/users\/1"}],"replies":[{"embeddable":true,"href":"https:\/\/fh-adler.de\/index.php?rest_route=%2Fwp%2Fv2%2Fcomments&post=42"}],"version-history":[{"count":9,"href":"https:\/\/fh-adler.de\/index.php?rest_route=\/wp\/v2\/pages\/42\/revisions"}],"predecessor-version":[{"id":284,"href":"https:\/\/fh-adler.de\/index.php?rest_route=\/wp\/v2\/pages\/42\/revisions\/284"}],"wp:attachment":[{"href":"https:\/\/fh-adler.de\/index.php?rest_route=%2Fwp%2Fv2%2Fmedia&parent=42"}],"curies":[{"name":"wp","href":"https:\/\/api.w.org\/{rel}","templated":true}]}}