{"id":40,"date":"2019-04-03T11:32:24","date_gmt":"2019-04-03T11:32:24","guid":{"rendered":"http:\/\/fh-adler.de\/?page_id=40"},"modified":"2024-01-11T07:43:19","modified_gmt":"2024-01-11T07:43:19","slug":"preise-geschaeftsbedingungen","status":"publish","type":"page","link":"https:\/\/fh-adler.de\/?page_id=40","title":{"rendered":"Preise &#038; Gesch\u00e4ftsbedingungen"},"content":{"rendered":"\t\t<div data-elementor-type=\"wp-post\" data-elementor-id=\"40\" class=\"elementor elementor-40\">\n\t\t\t\t\t\t<div class=\"elementor-inner\">\n\t\t\t\t<div class=\"elementor-section-wrap\">\n\t\t\t\t\t\t\t\t\t<section class=\"elementor-section elementor-top-section elementor-element elementor-element-63b04b34 elementor-section-boxed elementor-section-height-default elementor-section-height-default\" data-id=\"63b04b34\" data-element_type=\"section\">\n\t\t\t\t\t\t<div class=\"elementor-container elementor-column-gap-default\">\n\t\t\t\t\t\t\t<div class=\"elementor-row\">\n\t\t\t\t\t<div class=\"elementor-column elementor-col-100 elementor-top-column elementor-element elementor-element-50ccec9c\" data-id=\"50ccec9c\" data-element_type=\"column\">\n\t\t\t<div class=\"elementor-column-wrap elementor-element-populated\">\n\t\t\t\t\t\t\t<div class=\"elementor-widget-wrap\">\n\t\t\t\t\t\t<div class=\"elementor-element elementor-element-7f5d6657 elementor-drop-cap-yes elementor-drop-cap-view-default elementor-widget elementor-widget-text-editor\" data-id=\"7f5d6657\" data-element_type=\"widget\" data-settings=\"{&quot;drop_cap&quot;:&quot;yes&quot;}\" data-widget_type=\"text-editor.default\">\n\t\t\t\t<div class=\"elementor-widget-container\">\n\t\t\t\t\t\t\t\t<div class=\"elementor-text-editor elementor-clearfix\">\n\t\t\t\t<p><!-- wp:paragraph {\"dropCap\":true} --><\/p>\n<p class=\"has-drop-cap\">Der Grundpreis betr\u00e4gt 70 Euro f\u00fcr zwei Personen pro \u00dcbernachtung. F\u00fcr jede weitere Person kommen 10 Euro hinzu. Kinder bis 14 Jahre zahlen die H\u00e4lfte. In diesem Preis sind enthalten: Bettw\u00e4sche, Handt\u00fccher, Endreinigung, Kaminholz, einmal Sauna pro Woche (dar\u00fcber hinaus 15 Euro pro Saunaabend). <span style=\"color: var( --e-global-color-text ); font-weight: var( --e-global-typography-text-font-weight ); letter-spacing: 0px;\">Bei einer Aufenthaltsdauer von weniger als 5 \u00dcbernachtungen wird ein Endreinigungsaufschlag von insgesamt 40 Euro erhoben. Circa 25 Prozent des Preises sind bei Buchung f\u00e4llig, der Rest bei Anreise in bar. Haustiere k\u00f6nnen auf Anfrage mitgebracht werden.\u00a0<\/span><\/p>\n<p><!-- \/wp:paragraph --><\/p>\t\t\t\t\t<\/div>\n\t\t\t\t\t\t<\/div>\n\t\t\t\t<\/div>\n\t\t\t\t\t\t<\/div>\n\t\t\t\t\t<\/div>\n\t\t<\/div>\n\t\t\t\t\t\t\t\t<\/div>\n\t\t\t\t\t<\/div>\n\t\t<\/section>\n\t\t\t\t<section class=\"elementor-section elementor-top-section elementor-element elementor-element-5bc60d7 elementor-section-boxed elementor-section-height-default elementor-section-height-default\" data-id=\"5bc60d7\" data-element_type=\"section\">\n\t\t\t\t\t\t<div class=\"elementor-container elementor-column-gap-default\">\n\t\t\t\t\t\t\t<div class=\"elementor-row\">\n\t\t\t\t\t<div class=\"elementor-column elementor-col-100 elementor-top-column elementor-element elementor-element-c652389\" data-id=\"c652389\" data-element_type=\"column\">\n\t\t\t<div class=\"elementor-column-wrap elementor-element-populated\">\n\t\t\t\t\t\t\t<div class=\"elementor-widget-wrap\">\n\t\t\t\t\t\t<div class=\"elementor-element elementor-element-0f5d0d2 elementor-widget elementor-widget-image\" data-id=\"0f5d0d2\" data-element_type=\"widget\" data-widget_type=\"image.default\">\n\t\t\t\t<div class=\"elementor-widget-container\">\n\t\t\t\t\t\t\t\t<div class=\"elementor-image\">\n\t\t\t\t\t\t\t\t\t\t\t\t<img loading=\"lazy\" decoding=\"async\" width=\"960\" height=\"720\" src=\"https:\/\/fh-adler.de\/wp-content\/uploads\/2019\/04\/DSC00299-1-1024x768.jpg\" class=\"attachment-large size-large wp-image-93\" alt=\"\" srcset=\"https:\/\/fh-adler.de\/wp-content\/uploads\/2019\/04\/DSC00299-1-1024x768.jpg 1024w, https:\/\/fh-adler.de\/wp-content\/uploads\/2019\/04\/DSC00299-1-300x225.jpg 300w, https:\/\/fh-adler.de\/wp-content\/uploads\/2019\/04\/DSC00299-1-768x576.jpg 768w, https:\/\/fh-adler.de\/wp-content\/uploads\/2019\/04\/DSC00299-1-1140x855.jpg 1140w\" sizes=\"(max-width: 960px) 100vw, 960px\" \/>\t\t\t\t\t\t\t\t\t\t\t\t\t\t<\/div>\n\t\t\t\t\t\t<\/div>\n\t\t\t\t<\/div>\n\t\t\t\t\t\t<\/div>\n\t\t\t\t\t<\/div>\n\t\t<\/div>\n\t\t\t\t\t\t\t\t<\/div>\n\t\t\t\t\t<\/div>\n\t\t<\/section>\n\t\t\t\t<section class=\"elementor-section elementor-top-section elementor-element elementor-element-1ebb383 elementor-section-boxed elementor-section-height-default elementor-section-height-default\" data-id=\"1ebb383\" data-element_type=\"section\">\n\t\t\t\t\t\t<div class=\"elementor-container elementor-column-gap-default\">\n\t\t\t\t\t\t\t<div class=\"elementor-row\">\n\t\t\t\t\t<div class=\"elementor-column elementor-col-100 elementor-top-column elementor-element elementor-element-b578f2a\" data-id=\"b578f2a\" data-element_type=\"column\">\n\t\t\t<div class=\"elementor-column-wrap elementor-element-populated\">\n\t\t\t\t\t\t\t<div class=\"elementor-widget-wrap\">\n\t\t\t\t\t\t<div class=\"elementor-element elementor-element-4131a1d elementor-widget elementor-widget-image\" data-id=\"4131a1d\" data-element_type=\"widget\" data-widget_type=\"image.default\">\n\t\t\t\t<div class=\"elementor-widget-container\">\n\t\t\t\t\t\t\t\t<div class=\"elementor-image\">\n\t\t\t\t\t\t\t\t\t\t\t\t<img loading=\"lazy\" decoding=\"async\" width=\"960\" height=\"720\" src=\"https:\/\/fh-adler.de\/wp-content\/uploads\/2019\/04\/Obstbl\u00fcte-1-1024x768.jpg\" class=\"attachment-large size-large wp-image-277\" alt=\"\" srcset=\"https:\/\/fh-adler.de\/wp-content\/uploads\/2019\/04\/Obstbl\u00fcte-1-1024x768.jpg 1024w, https:\/\/fh-adler.de\/wp-content\/uploads\/2019\/04\/Obstbl\u00fcte-1-300x225.jpg 300w, https:\/\/fh-adler.de\/wp-content\/uploads\/2019\/04\/Obstbl\u00fcte-1-768x576.jpg 768w, https:\/\/fh-adler.de\/wp-content\/uploads\/2019\/04\/Obstbl\u00fcte-1-1140x855.jpg 1140w, https:\/\/fh-adler.de\/wp-content\/uploads\/2019\/04\/Obstbl\u00fcte-1.jpg 1200w\" sizes=\"(max-width: 960px) 100vw, 960px\" \/>\t\t\t\t\t\t\t\t\t\t\t\t\t\t<\/div>\n\t\t\t\t\t\t<\/div>\n\t\t\t\t<\/div>\n\t\t\t\t\t\t<\/div>\n\t\t\t\t\t<\/div>\n\t\t<\/div>\n\t\t\t\t\t\t\t\t<\/div>\n\t\t\t\t\t<\/div>\n\t\t<\/section>\n\t\t\t\t\t\t\t\t\t<\/div>\n\t\t\t<\/div>\n\t\t\t\t\t<\/div>\n\t\t","protected":false},"excerpt":{"rendered":"<p>Der Grundpreis betr\u00e4gt 70 Euro f\u00fcr zwei Personen pro \u00dcbernachtung. F\u00fcr jede weitere Person kommen 10 Euro hinzu. Kinder bis 14 Jahre zahlen die H\u00e4lfte. In diesem Preis sind enthalten: Bettw\u00e4sche, Handt\u00fccher, Endreinigung, Kaminholz, einmal Sauna pro Woche (dar\u00fcber hinaus 15 Euro pro Saunaabend). Bei einer Aufenthaltsdauer von weniger als 5 \u00dcbernachtungen wird ein Endreinigungsaufschlag von insgesamt 40 Euro erhoben. Circa 25 Prozent des Preises sind bei Buchung f\u00e4llig, der Rest bei Anreise in bar. Haustiere k\u00f6nnen auf Anfrage mitgebracht werden.\u00a0<\/p>\n","protected":false},"author":1,"featured_media":0,"parent":0,"menu_order":5,"comment_status":"closed","ping_status":"closed","template":"","meta":{"footnotes":""},"_links":{"self":[{"href":"https:\/\/fh-adler.de\/index.php?rest_route=\/wp\/v2\/pages\/40"}],"collection":[{"href":"https:\/\/fh-adler.de\/index.php?rest_route=\/wp\/v2\/pages"}],"about":[{"href":"https:\/\/fh-adler.de\/index.php?rest_route=\/wp\/v2\/types\/page"}],"author":[{"embeddable":true,"href":"https:\/\/fh-adler.de\/index.php?rest_route=\/wp\/v2\/users\/1"}],"replies":[{"embeddable":true,"href":"https:\/\/fh-adler.de\/index.php?rest_route=%2Fwp%2Fv2%2Fcomments&post=40"}],"version-history":[{"count":25,"href":"https:\/\/fh-adler.de\/index.php?rest_route=\/wp\/v2\/pages\/40\/revisions"}],"predecessor-version":[{"id":340,"href":"https:\/\/fh-adler.de\/index.php?rest_route=\/wp\/v2\/pages\/40\/revisions\/340"}],"wp:attachment":[{"href":"https:\/\/fh-adler.de\/index.php?rest_route=%2Fwp%2Fv2%2Fmedia&parent=40"}],"curies":[{"name":"wp","href":"https:\/\/api.w.org\/{rel}","templated":true}]}}